{"id":1517,"date":"2020-07-09T16:19:04","date_gmt":"2020-07-09T14:19:04","guid":{"rendered":"https:\/\/feuerwehr-westercelle.de\/?page_id=1517"},"modified":"2022-11-24T17:08:36","modified_gmt":"2022-11-24T16:08:36","slug":"interner-bereich","status":"publish","type":"page","link":"https:\/\/feuerwehr-westercelle.de\/?page_id=1517","title":{"rendered":"Interner Bereich"},"content":{"rendered":"<p>[et_pb_section fb_built=&#8220;1&#8243; _builder_version=&#8220;4.16&#8243; global_colors_info=&#8220;{}&#8220;][et_pb_row _builder_version=&#8220;4.16&#8243; background_size=&#8220;initial&#8220; background_position=&#8220;top_left&#8220; background_repeat=&#8220;repeat&#8220; global_colors_info=&#8220;{}&#8220;][et_pb_column type=&#8220;4_4&#8243; _builder_version=&#8220;4.16&#8243; custom_padding=&#8220;|||&#8220; global_colors_info=&#8220;{}&#8220; custom_padding__hover=&#8220;|||&#8220;][et_pb_post_title meta=&#8220;off&#8220; featured_image=&#8220;off&#8220; _builder_version=&#8220;4.16&#8243; global_colors_info=&#8220;{}&#8220;][\/et_pb_post_title][et_pb_text _builder_version=&#8220;4.19.1&#8243; background_size=&#8220;initial&#8220; background_position=&#8220;top_left&#8220; background_repeat=&#8220;repeat&#8220; custom_padding=&#8220;0px|||||&#8220; hover_enabled=&#8220;0&#8243; global_colors_info=&#8220;{}&#8220; sticky_enabled=&#8220;0&#8243;]<\/p>\n\n<h6>Download<\/h6>\n\n<p>[\/et_pb_text][et_pb_text _builder_version=&#8220;4.16&#8243; _module_preset=&#8220;default&#8220; global_colors_info=&#8220;{}&#8220; custom_padding=&#8220;0px|||||&#8220;]&nbsp;<\/p>\n<h5><strong>Unfallverh\u00fctungsvorschriften (<em>UVV<\/em>)<\/strong><\/h5>\n<p><a href=\"https:\/\/www.fuk.de\/fileadmin\/user_upload\/fuk\/service\/downloads\/praevention\/uvv\/Vorschrift_49_FUK_Niedersachsen.pdf\" target=\"_blank\" rel=\"attachment noopener noreferrer wp-att-1912\" title=\"Vorschrift_49_FUK_Niedersachsen ( Bisherige NummerGUV-V C 53)\">Vorschrift_49_FUK_Niedersachsen <\/a> (Quelle: FUK Niedersachsen)<br \/>\n<strong><\/strong><\/p>\n<p><a href=\"https:\/\/publikationen.dguv.de\/widgets\/pdf\/download\/article\/3505\" target=\"_blank\" rel=\"noopener\" title=\"Die DGUV Regel 105-049 \u201eFeuerwehren\u201c dient der Erl\u00e4uterung der Normtexte aus der \u00fcberarbeiteten DGUV Vorschrift 49 \u201eFeuerwehren\u201c nach ihrer Inkraftsetzung durch die einzelnen Unfallversicherungstr\u00e4ger.\">DGUV Regel 105-049<\/a> (Quelle: <span>DGUV<\/span>)<\/p>\n<p>&nbsp;[\/et_pb_text][et_pb_text _builder_version=&#8220;4.16&#8243; _module_preset=&#8220;default&#8220; global_colors_info=&#8220;{}&#8220;]<\/p>\n<p>Solltet ihr keine Dateien unter &#8222;Intern&#8220; angezeigt bekommen, stellt bitte zun\u00e4chst sicher, dass ihr eingeloggt seid.<\/p>\n<p>[\/et_pb_text][et_pb_login current_page_redirect=&#8220;on&#8220; _builder_version=&#8220;4.16&#8243; _module_preset=&#8220;default&#8220; global_colors_info=&#8220;{}&#8220;][\/et_pb_login][\/et_pb_column][\/et_pb_row][\/et_pb_section]<\/p>\n","protected":false},"excerpt":{"rendered":"<p> Download &nbsp; Unfallverh\u00fctungsvorschriften (UVV) Vorschrift_49_FUK_Niedersachsen (Quelle: FUK Niedersachsen) DGUV Regel 105-049 (Quelle: DGUV) &nbsp;Solltet ihr keine Dateien unter [&hellip;]<\/p>\n","protected":false},"author":1,"featured_media":0,"parent":0,"menu_order":0,"comment_status":"closed","ping_status":"closed","template":"","meta":{"_et_pb_use_builder":"on","_et_pb_old_content":"<p><a href=\"https:\/\/feuerwehr-westercelle.de\/?page_id=1211\">Formular \u2013 Pr\u00fcfbericht \u00fcber Feuerl\u00f6schbrunnen<\/a><\/p>","_et_gb_content_width":"","_monsterinsights_skip_tracking":false,"_monsterinsights_sitenote_active":false,"_monsterinsights_sitenote_note":"","_monsterinsights_sitenote_category":0,"footnotes":""},"class_list":["post-1517","page","type-page","status-publish","hentry"],"publishpress_future_action":{"enabled":false,"date":"2026-04-26 18:42:09","action":"change-status","newStatus":"draft","terms":[],"taxonomy":"","extraData":[]},"publishpress_future_workflow_manual_trigger":{"enabledWorkflows":[]},"_links":{"self":[{"href":"https:\/\/feuerwehr-westercelle.de\/index.php?rest_route=\/wp\/v2\/pages\/1517","targetHints":{"allow":["GET"]}}],"collection":[{"href":"https:\/\/feuerwehr-westercelle.de\/index.php?rest_route=\/wp\/v2\/pages"}],"about":[{"href":"https:\/\/feuerwehr-westercelle.de\/index.php?rest_route=\/wp\/v2\/types\/page"}],"author":[{"embeddable":true,"href":"https:\/\/feuerwehr-westercelle.de\/index.php?rest_route=\/wp\/v2\/users\/1"}],"replies":[{"embeddable":true,"href":"https:\/\/feuerwehr-westercelle.de\/index.php?rest_route=%2Fwp%2Fv2%2Fcomments&post=1517"}],"version-history":[{"count":27,"href":"https:\/\/feuerwehr-westercelle.de\/index.php?rest_route=\/wp\/v2\/pages\/1517\/revisions"}],"predecessor-version":[{"id":2436,"href":"https:\/\/feuerwehr-westercelle.de\/index.php?rest_route=\/wp\/v2\/pages\/1517\/revisions\/2436"}],"wp:attachment":[{"href":"https:\/\/feuerwehr-westercelle.de\/index.php?rest_route=%2Fwp%2Fv2%2Fmedia&parent=1517"}],"curies":[{"name":"wp","href":"https:\/\/api.w.org\/{rel}","templated":true}]}}