{"id":549,"date":"2019-08-06T20:12:19","date_gmt":"2019-08-06T18:12:19","guid":{"rendered":"http:\/\/test.feuerwehr-westercelle.de\/?page_id=549"},"modified":"2025-12-31T12:09:08","modified_gmt":"2025-12-31T11:09:08","slug":"jugendfeuerwehr","status":"publish","type":"page","link":"https:\/\/feuerwehr-westercelle.de\/?page_id=549","title":{"rendered":"Jugendfeuerwehr"},"content":{"rendered":"<p>[et_pb_section fb_built=&#8220;1&#8243; disabled_on=&#8220;off|off|off&#8220; admin_label=&#8220;section&#8220; _builder_version=&#8220;4.16&#8243; locked=&#8220;off&#8220; global_colors_info=&#8220;{}&#8220;][et_pb_row _builder_version=&#8220;4.16&#8243; custom_padding=&#8220;0px||0px||false|false&#8220; global_colors_info=&#8220;{}&#8220;][et_pb_column type=&#8220;4_4&#8243; _builder_version=&#8220;4.16&#8243; global_colors_info=&#8220;{}&#8220;][et_pb_post_title meta=&#8220;off&#8220; admin_label=&#8220;Posttitel&#8220; _builder_version=&#8220;4.16&#8243; global_colors_info=&#8220;{}&#8220;][\/et_pb_post_title][\/et_pb_column][\/et_pb_row][et_pb_row use_custom_gutter=&#8220;on&#8220; make_equal=&#8220;on&#8220; _builder_version=&#8220;4.16&#8243; max_width=&#8220;898px&#8220; module_alignment=&#8220;center&#8220; custom_margin=&#8220;||||false|false&#8220; global_colors_info=&#8220;{}&#8220;][et_pb_column type=&#8220;4_4&#8243; _builder_version=&#8220;4.16&#8243; global_colors_info=&#8220;{}&#8220;][et_pb_image src=&#8220;https:\/\/feuerwehr-westercelle.de\/wp-content\/uploads\/2019\/12\/IMG-20191022-WA0005_2_1.jpg&#8220; _builder_version=&#8220;4.16&#8243; background_image=&#8220;https:\/\/feuerwehr-westercelle.de\/wp-content\/uploads\/2019\/12\/IMG-20191022-WA0005_2_1-1024&#215;363.jpg&#8220; global_colors_info=&#8220;{}&#8220;][\/et_pb_image][\/et_pb_column][\/et_pb_row][et_pb_row admin_label=&#8220;row&#8220; _builder_version=&#8220;4.16&#8243; background_size=&#8220;initial&#8220; background_position=&#8220;top_left&#8220; background_repeat=&#8220;repeat&#8220; global_colors_info=&#8220;{}&#8220;][et_pb_column type=&#8220;4_4&#8243; _builder_version=&#8220;4.16&#8243; custom_padding=&#8220;|||&#8220; global_colors_info=&#8220;{}&#8220; custom_padding__hover=&#8220;|||&#8220;][et_pb_accordion _builder_version=&#8220;4.27.5&#8243; hover_enabled=&#8220;0&#8243; global_colors_info=&#8220;{}&#8220; sticky_enabled=&#8220;0&#8243;][et_pb_accordion_item title=&#8220;Die Jugendfeuerwehr freut sich auf eure Verst\u00e4rkung&#8220; _builder_version=&#8220;4.27.5&#8243; global_colors_info=&#8220;{}&#8220; open=&#8220;on&#8220;]<\/p>\n<h3><\/h3>\n<p>&nbsp;<\/p>\n<h4><strong>Mach mit bei der Jugendfeuerwehr Westercelle<\/strong><\/h4>\n<h5>Wer kann mitmachen?<\/h5>\n<p>M\u00e4dchen und Jungen zwischen 10 und 16 Jahren, die im Ortsteil Westercelle wohnen.<\/p>\n<h5>Wo und wann findet der Jugendfeuerwehr Dienst statt?<\/h5>\n<p>Alle zwei Wochen am Freitag von 17:30 Uhr bis 19:30 Uhr im Feuerwehrhaus Westercelle (Hannoversche Heerstra\u00dfe 140).<\/p>\n<h5>Was passiert beim Jugendfeuerwehr Dienst?<\/h5>\n<p>Der abwechslungsreiche Dienstplan beinhaltet neben den Themen um die T\u00e4tigkeit und Technik der Feuerwehr auch Umweltprojekte, Sport- und Freizeitaktivit\u00e4ten.<\/p>\n<h5>Einfach mal ausprobieren<\/h5>\n<p>Wer sich noch nicht ganz sicher ist und die Jugendfeuerwehr erstmal n\u00e4her kennen lernen m\u00f6chte ist herzlich willkommen bei ein paar Diensten mitzumachen.<\/p>\n<p>F\u00fcr Ausk\u00fcnfte zu den Diensten und allen Fragen rund um die Jugendfeuerwehr steht unser Jugendfeuerwehrwart Julian Thomaasik gerne zur Verf\u00fcgung.<\/p>\n<h5>Dienstplan f\u00fcr 2026<\/h5>\n<p>Der Dienstplan f\u00fcr euch als <a href=\"https:\/\/feuerwehr-westercelle.de\/wp-content\/uploads\/2025\/12\/Dienstplan-2026-Jugendfeuerwehr.pdf\" rel=\"attachment wp-att-2819\">Dienstplan.<\/a>pdf<\/p>\n<p>[\/et_pb_accordion_item][et_pb_accordion_item title=&#8220;Liebe Erziehungsberechtigte,&#8220; open=&#8220;off&#8220; _builder_version=&#8220;4.27.5&#8243; hover_enabled=&#8220;0&#8243; global_colors_info=&#8220;{}&#8220; sticky_enabled=&#8220;0&#8243;]<\/p>\n<blockquote>\n<p>wir m\u00f6chten Ihnen hier die M\u00f6glichkeit geben sich \u00fcber die Arbeit der Jugendfeuerwehr zu informieren und hoffen einige Ihrer Fragen an dieser Stelle beantworten zu k\u00f6nnen.<\/p>\n<\/blockquote>\n<h5>\u00a0Was ist die Jugendfeuerwehr eigentlich?<\/h5>\n<p>Die Jugendfeuerwehr ist die Jugendabteilung der Freiwilligen Feuerwehr. Das Ziel der Jugendfeuerwehr ist das Heranf\u00fchren von Kindern und Jugendlichen an die Feuerwehrtechnik. Dar\u00fcber hinaus werden Umwelt- und soziale Projekte in der Gemeinschaft der Jugendlichen durchgef\u00fchrt.<\/p>\n<h5>Wer kann zur Jugendfeuerwehr?<\/h5>\n<p>In die Jugendfeuerwehr Westercelle k\u00f6nnen Kinder und Jugendliche im Alter zwischen 10 und 16 Jahren eintreten, die ihren Wohnsitz im Ortsteil Westercelle haben.<\/p>\n<h5>Was wird in der Jugendfeuerwehr gemacht?<\/h5>\n<p>Die Faszination f\u00fcr die T\u00e4tigkeit der Feuerwehr mit ihren Fahrzeugen und der Ausr\u00fcstung ist bei vielen Kindern und Jugendlichen sehr gro\u00df.<br \/>Bei der Jugendfeuerwehr wird in den theoretischen und praktischen Diensten n\u00fctzliches Wissen und erste F\u00e4higkeiten zum Umgang mit der Ausr\u00fcstung vermittelt.<br \/>Einen besonderen Anreiz stellen auch die freiwilligen Leistungsabzeichen, wie z.B. die \u201eJugendflamme\u201c dar. Ihr Wissen k\u00f6nnen die Jugendlichen nach intensiver Vorbereitung bei Leistungs\u00fcberpr\u00fcfungen unter Beweis stellen.<br \/>Neben der Feuerwehrtechnik spielt die Gemeinschaft eine gro\u00dfe Rolle. So werden auch immer wieder Umweltprojekte, sportliche Veranstaltungen, Ausfl\u00fcge und Freizeiten angeboten.<\/p>\n<h5>Kostet die Jugendfeuerwehr Geld?<\/h5>\n<p>Nein, f\u00fcr die Jugendfeuerwehr muss kein Mitgliedsbeitrag geleistet werden. Die Kleidung und Ausr\u00fcstung wird den Jugendfeuerwehrangeh\u00f6rigen zur Verf\u00fcgung gestellt.<\/p>\n<h5>Wo kann man sein Kind zur Feuerwehr anmelden?<\/h5>\n<p>Nach Absprache mit dem Jugendfeuerwehrwart Julian Thomaasik k\u00f6nnen die Kinder und Jugendlichen, auch gerne mit elterlicher Begleitung, zu einem Dienstabend der Jugendfeuerwehr in das Feuerwehrger\u00e4tehaus kommen. Die Kinder und Jugendlichen sollen sich bei Schnupper- oder Kennenlerndiensten einen eigenen Eindruck von der Jugendfeuerwehr machen und dann entscheiden.<\/p>\n<p>&nbsp;<\/p>\n<p>&nbsp;<\/p>\n<p>&nbsp;<\/p>\n<p>[\/et_pb_accordion_item][\/et_pb_accordion][et_pb_button button_url=&#8220;@ET-DC@eyJkeW5hbWljIjp0cnVlLCJjb250ZW50IjoicG9zdF9saW5rX3VybF9wYWdlIiwic2V0dGluZ3MiOnsicG9zdF9pZCI6IjkwOSJ9fQ==@&#8220; url_new_window=&#8220;on&#8220; button_text=&#8220;Nimm Kontakt mit uns auf&#8220; button_alignment=&#8220;center&#8220; button_alignment_last_edited=&#8220;off|desktop&#8220; _builder_version=&#8220;4.16&#8243; _dynamic_attributes=&#8220;button_url&#8220; custom_button=&#8220;on&#8220; button_text_color=&#8220;#e00b00&#8243; button_icon=&#8220;&#x45;||divi||400&#8243; button_icon_color=&#8220;#000000&#8243; global_colors_info=&#8220;{}&#8220;][\/et_pb_button][et_pb_blurb _builder_version=&#8220;4.27.4&#8243; custom_margin=&#8220;||-3px|||&#8220; hover_enabled=&#8220;0&#8243; global_colors_info=&#8220;{}&#8220; sticky_enabled=&#8220;0&#8243;]<\/p>\n<p>&nbsp;<\/p>\n<p><center><\/p>\n<p>&nbsp;<\/p>\n<h5>oder direkt :<\/h5>\n<p>&nbsp;<\/p>\n<p><\/center><\/p>\n<p>[\/et_pb_blurb][et_pb_image src=&#8220;https:\/\/feuerwehr-westercelle.de\/wp-content\/uploads\/2025\/12\/JFMW_2026.png&#8220; title_text=&#8220;JFMW_2026&#8243; align=&#8220;center&#8220; _builder_version=&#8220;4.27.5&#8243; global_colors_info=&#8220;{}&#8220;][\/et_pb_image][et_pb_social_media_follow _builder_version=&#8220;4.27.5&#8243; text_orientation=&#8220;center&#8220; global_colors_info=&#8220;{}&#8220;][et_pb_social_media_follow_network social_network=&#8220;facebook&#8220; url=&#8220;https:\/\/www.facebook.com\/Jugendfeuerwehr-Westercelle-107931010743645\/&#8220; _builder_version=&#8220;4.27.5&#8243; background_color=&#8220;#3b5998&#8243; global_colors_info=&#8220;{}&#8220; follow_button=&#8220;off&#8220; url_new_window=&#8220;on&#8220;]facebook[\/et_pb_social_media_follow_network][et_pb_social_media_follow_network social_network=&#8220;instagram&#8220; url=&#8220;https:\/\/www.instagram.com\/jugendfeuerwehr_westercelle?utm_source=ig_web_button_share_sheet&#038;igsh=ZDNlZDc0MzIxNw==&#8220; _builder_version=&#8220;4.27.5&#8243; _module_preset=&#8220;default&#8220; background_color=&#8220;#ea2c59&#8243; global_colors_info=&#8220;{}&#8220; follow_button=&#8220;off&#8220; url_new_window=&#8220;on&#8220;]instagram[\/et_pb_social_media_follow_network][\/et_pb_social_media_follow][\/et_pb_column][\/et_pb_row][et_pb_row _builder_version=&#8220;4.16&#8243; global_colors_info=&#8220;{}&#8220;][et_pb_column type=&#8220;4_4&#8243; _builder_version=&#8220;4.16&#8243; global_colors_info=&#8220;{}&#8220;][et_pb_code _builder_version=&#8220;4.16&#8243; global_colors_info=&#8220;{}&#8220;]<\/p>\n<h5>Aktuelles aus der Jugendfeuerwehr<\/h5>\n<p>[\/et_pb_code][\/et_pb_column][\/et_pb_row][et_pb_row column_structure=&#8220;1_2,1_2&#8243; _builder_version=&#8220;4.16&#8243; global_colors_info=&#8220;{}&#8220;][et_pb_column type=&#8220;1_2&#8243; _builder_version=&#8220;4.16&#8243; global_colors_info=&#8220;{}&#8220;][et_pb_text _builder_version=&#8220;4.16&#8243; global_colors_info=&#8220;{}&#8220;]<iframe loading=\"lazy\" src=\"https:\/\/www.facebook.com\/plugins\/page.php?href=https%3A%2F%2Fwww.facebook.com%2FJugendfeuerwehr-Westercelle-107931010743645%2F&#038;tabs=timeline&#038;width=320&#038;height=500&#038;small_header=false&#038;adapt_container_width=true&#038;hide_cover=false&#038;show_facepile=true&#038;appId\" width=\"340\" height=\"500\" style=\"border:none;overflow:hidden\" scrolling=\"no\" frameborder=\"0\" allowTransparency=\"true\" allow=\"encrypted-media\"><\/iframe>[\/et_pb_text][\/et_pb_column][et_pb_column type=&#8220;1_2&#8243; _builder_version=&#8220;4.16&#8243; global_colors_info=&#8220;{}&#8220;][et_pb_post_slider posts_number=&#8220;3&#8243; include_categories=&#8220;17&#8243; show_meta=&#8220;off&#8220; _builder_version=&#8220;4.16&#8243; global_colors_info=&#8220;{}&#8220;][\/et_pb_post_slider][\/et_pb_column][\/et_pb_row][\/et_pb_section]<\/p>\n","protected":false},"excerpt":{"rendered":"<p>&nbsp; Mach mit bei der Jugendfeuerwehr Westercelle Wer kann mitmachen? M\u00e4dchen und Jungen zwischen 10 und 16 Jahren, die im Ortsteil Westercelle wohnen. Wo und wann findet der Jugendfeuerwehr Dienst statt? Alle zwei Wochen am Freitag von 17:30 Uhr bis 19:30 Uhr im Feuerwehrhaus Westercelle (Hannoversche Heerstra\u00dfe 140). Was passiert beim Jugendfeuerwehr Dienst? Der abwechslungsreiche [&hellip;]<\/p>\n","protected":false},"author":1,"featured_media":0,"parent":0,"menu_order":0,"comment_status":"closed","ping_status":"closed","template":"","meta":{"_et_pb_use_builder":"on","_et_pb_old_content":"<div class=\"fb-page\" data-href=\"https:\/\/www.facebook.com\/pg\/feuerwehr.celle\/posts\/?ref=page_internal\" data-tabs=\"timeline\" data-width=\"\" data-height=\"\" data-small-header=\"false\" data-adapt-container-width=\"true\" data-hide-cover=\"false\" data-show-facepile=\"true\"><blockquote cite=\"https:\/\/www.facebook.com\/pg\/feuerwehr.celle\/posts\/?ref=page_internal\" class=\"fb-xfbml-parse-ignore\"><a href=\"https:\/\/www.facebook.com\/pg\/feuerwehr.celle\/posts\/?ref=page_internal\">Feuerwehr Celle<\/a><\/blockquote><\/div>","_et_gb_content_width":"","_monsterinsights_skip_tracking":false,"_monsterinsights_sitenote_active":false,"_monsterinsights_sitenote_note":"","_monsterinsights_sitenote_category":0,"footnotes":""},"class_list":["post-549","page","type-page","status-publish","hentry"],"publishpress_future_action":{"enabled":false,"date":"2026-04-26 17:18:35","action":"change-status","newStatus":"draft","terms":[],"taxonomy":"","extraData":[]},"publishpress_future_workflow_manual_trigger":{"enabledWorkflows":[]},"_links":{"self":[{"href":"https:\/\/feuerwehr-westercelle.de\/index.php?rest_route=\/wp\/v2\/pages\/549","targetHints":{"allow":["GET"]}}],"collection":[{"href":"https:\/\/feuerwehr-westercelle.de\/index.php?rest_route=\/wp\/v2\/pages"}],"about":[{"href":"https:\/\/feuerwehr-westercelle.de\/index.php?rest_route=\/wp\/v2\/types\/page"}],"author":[{"embeddable":true,"href":"https:\/\/feuerwehr-westercelle.de\/index.php?rest_route=\/wp\/v2\/users\/1"}],"replies":[{"embeddable":true,"href":"https:\/\/feuerwehr-westercelle.de\/index.php?rest_route=%2Fwp%2Fv2%2Fcomments&post=549"}],"version-history":[{"count":85,"href":"https:\/\/feuerwehr-westercelle.de\/index.php?rest_route=\/wp\/v2\/pages\/549\/revisions"}],"predecessor-version":[{"id":3372,"href":"https:\/\/feuerwehr-westercelle.de\/index.php?rest_route=\/wp\/v2\/pages\/549\/revisions\/3372"}],"wp:attachment":[{"href":"https:\/\/feuerwehr-westercelle.de\/index.php?rest_route=%2Fwp%2Fv2%2Fmedia&parent=549"}],"curies":[{"name":"wp","href":"https:\/\/api.w.org\/{rel}","templated":true}]}}